{"id":719,"date":"2019-12-16T13:54:40","date_gmt":"2019-12-16T12:54:40","guid":{"rendered":"http:\/\/ph-rdc.org\/?page_id=719"},"modified":"2019-12-16T15:28:00","modified_gmt":"2019-12-16T14:28:00","slug":"realisations","status":"publish","type":"page","link":"https:\/\/ph-rdc.org\/index.php\/realisations\/","title":{"rendered":"R\u00e9alisations"},"content":{"rendered":"\n<div class=\"wp-block-columns has-3-columns is-layout-flex wp-container-core-columns-is-layout-9d6595d7 wp-block-columns-is-layout-flex\">\n<div class=\"wp-block-column is-layout-flow wp-block-column-is-layout-flow\">\n<h2 class=\"wp-block-heading\" style=\"text-align:center\">Micro-projets<\/h2>\n\n\n\n<figure class=\"wp-block-image\"><img fetchpriority=\"high\" decoding=\"async\" width=\"700\" height=\"388\" src=\"http:\/\/ph-rdc.org\/wp-content\/uploads\/2019\/07\/CPTS-PTS.jpg\" alt=\"\" class=\"wp-image-95\" srcset=\"https:\/\/ph-rdc.org\/wp-content\/uploads\/2019\/07\/CPTS-PTS.jpg 700w, https:\/\/ph-rdc.org\/wp-content\/uploads\/2019\/07\/CPTS-PTS-300x166.jpg 300w\" sizes=\"(max-width: 700px) 100vw, 700px\" \/><\/figure>\n\n\n\n<div class=\"wp-block-button aligncenter is-style-squared\"><a class=\"wp-block-button__link has-background has-vivid-cyan-blue-background-color\" href=\"https:\/\/ph-rdc.org\/index.php\/micro-projet-qualite-round-1\/\">ROUND 1<\/a><\/div>\n\n\n\n<div class=\"wp-block-button aligncenter is-style-squared\"><a class=\"wp-block-button__link has-background has-vivid-cyan-blue-background-color\" href=\"https:\/\/ph-rdc.org\/index.php\/micro-projet-qualite-round-1\/\">ROUND 2<\/a><\/div>\n\n\n\n<div class=\"wp-block-button aligncenter is-style-squared\"><a class=\"wp-block-button__link has-background has-vivid-cyan-blue-background-color\" href=\"https:\/\/ph-rdc.org\/index.php\/micro-projet-qualite-round-3\/\">ROUND 3<\/a><\/div>\n\n\n\n<div class=\"wp-block-button aligncenter is-style-squared\"><a class=\"wp-block-button__link has-background has-vivid-cyan-blue-background-color\" href=\"https:\/\/ph-rdc.org\/index.php\/micro-projet-qualite-round-4\/\">ROUND 4<\/a><\/div>\n\n\n\n<div class=\"wp-block-button aligncenter is-style-squared\"><a class=\"wp-block-button__link has-background has-vivid-cyan-blue-background-color\" href=\"https:\/\/ph-rdc.org\/index.php\/micro-projet-qualite-round-5\/\">ROUND 5<\/a><\/div>\n\n\n\n<p><\/p>\n<\/div>\n\n\n\n<div class=\"wp-block-column is-layout-flow wp-block-column-is-layout-flow\">\n<h2 class=\"wp-block-heading\" style=\"text-align:center\">Projets financ\u00e9s<\/h2>\n\n\n\n<figure class=\"wp-block-image\"><img decoding=\"async\" width=\"1024\" height=\"576\" src=\"http:\/\/ph-rdc.org\/wp-content\/uploads\/2019\/10\/Le-Box-III-de-lunit\u00e9-de-n\u00e9onatologie-de-Ngaliema-cloisonn\u00e9-selon-les-normes-internationnalles-1-1024x576.jpg\" alt=\"\" class=\"wp-image-592\" srcset=\"https:\/\/ph-rdc.org\/wp-content\/uploads\/2019\/10\/Le-Box-III-de-lunit\u00e9-de-n\u00e9onatologie-de-Ngaliema-cloisonn\u00e9-selon-les-normes-internationnalles-1-1024x576.jpg 1024w, https:\/\/ph-rdc.org\/wp-content\/uploads\/2019\/10\/Le-Box-III-de-lunit\u00e9-de-n\u00e9onatologie-de-Ngaliema-cloisonn\u00e9-selon-les-normes-internationnalles-1-300x169.jpg 300w, https:\/\/ph-rdc.org\/wp-content\/uploads\/2019\/10\/Le-Box-III-de-lunit\u00e9-de-n\u00e9onatologie-de-Ngaliema-cloisonn\u00e9-selon-les-normes-internationnalles-1-768x432.jpg 768w, https:\/\/ph-rdc.org\/wp-content\/uploads\/2019\/10\/Le-Box-III-de-lunit\u00e9-de-n\u00e9onatologie-de-Ngaliema-cloisonn\u00e9-selon-les-normes-internationnalles-1.jpg 1594w\" sizes=\"(max-width: 1024px) 100vw, 1024px\" \/><\/figure>\n\n\n\n<div class=\"wp-block-button is-style-squared\"><a class=\"wp-block-button__link has-background has-vivid-cyan-blue-background-color\" href=\"https:\/\/ph-rdc.org\/index.php\/category\/projets-finances\/\">DETAILS DES PROJETS<\/a><\/div>\n<\/div>\n\n\n\n<div class=\"wp-block-column is-layout-flow wp-block-column-is-layout-flow\">\n<h2 class=\"wp-block-heading\" style=\"text-align:center\">Formations<\/h2>\n\n\n\n<figure class=\"wp-block-image\"><img decoding=\"async\" width=\"1024\" height=\"576\" src=\"http:\/\/ph-rdc.org\/wp-content\/uploads\/2019\/11\/atelier-de-defense-microprojet-round-3-7-1024x576.jpg\" alt=\"\" class=\"wp-image-707\"\/><\/figure>\n\n\n\n<div class=\"wp-block-button is-style-squared\"><a class=\"wp-block-button__link has-background has-vivid-cyan-blue-background-color\" href=\"https:\/\/ph-rdc.org\/index.php\/descriptive-des-formations-organisees-par-la-ph-rdc\/\">DESCRIPTIVE DES FORMATIONS<\/a><\/div>\n<\/div>\n<\/div>\n","protected":false},"excerpt":{"rendered":"<p>Micro-projets Projets financ\u00e9s Formations<\/p>\n","protected":false},"author":1,"featured_media":0,"parent":0,"menu_order":0,"comment_status":"closed","ping_status":"closed","template":"no-sidebar.php","meta":{"sfsi_plus_gutenberg_text_before_share":"","sfsi_plus_gutenberg_show_text_before_share":"","sfsi_plus_gutenberg_icon_type":"","sfsi_plus_gutenberg_icon_alignemt":"","sfsi_plus_gutenburg_max_per_row":"","footnotes":""},"class_list":["post-719","page","type-page","status-publish","hentry"],"_links":{"self":[{"href":"https:\/\/ph-rdc.org\/index.php\/wp-json\/wp\/v2\/pages\/719","targetHints":{"allow":["GET"]}}],"collection":[{"href":"https:\/\/ph-rdc.org\/index.php\/wp-json\/wp\/v2\/pages"}],"about":[{"href":"https:\/\/ph-rdc.org\/index.php\/wp-json\/wp\/v2\/types\/page"}],"author":[{"embeddable":true,"href":"https:\/\/ph-rdc.org\/index.php\/wp-json\/wp\/v2\/users\/1"}],"replies":[{"embeddable":true,"href":"https:\/\/ph-rdc.org\/index.php\/wp-json\/wp\/v2\/comments?post=719"}],"version-history":[{"count":16,"href":"https:\/\/ph-rdc.org\/index.php\/wp-json\/wp\/v2\/pages\/719\/revisions"}],"predecessor-version":[{"id":739,"href":"https:\/\/ph-rdc.org\/index.php\/wp-json\/wp\/v2\/pages\/719\/revisions\/739"}],"wp:attachment":[{"href":"https:\/\/ph-rdc.org\/index.php\/wp-json\/wp\/v2\/media?parent=719"}],"curies":[{"name":"wp","href":"https:\/\/api.w.org\/{rel}","templated":true}]}}