{"id":677,"date":"2019-11-08T06:49:12","date_gmt":"2019-11-08T05:49:12","guid":{"rendered":"http:\/\/ph-rdc.org\/?page_id=677"},"modified":"2019-11-08T07:41:24","modified_gmt":"2019-11-08T06:41:24","slug":"evenements-2","status":"publish","type":"page","link":"https:\/\/ph-rdc.org\/index.php\/evenements-2\/","title":{"rendered":"\u00c9v\u00e9nements"},"content":{"rendered":"\r\n<h2 class=\"wp-block-heading\" style=\"text-align: left;\">Assembl\u00e9e g\u00e9n\u00e9rale<\/h2>\r\n<p style=\"text-align: left;\"><div class=\"su-custom-gallery su-custom-gallery-align-left su-custom-gallery-title-always su-lightbox-gallery\"><div class=\"su-custom-gallery-slide\" style=\"width:270px;height:220px\"><a href=\"https:\/\/ph-rdc.org\/wp-content\/uploads\/2019\/11\/20190206_103346.jpg\" title=\"20190206_103346\"><img fetchpriority=\"high\" decoding=\"async\" src=\"https:\/\/ph-rdc.org\/wp-content\/uploads\/2019\/11\/20190206_103346-270x220.jpg\" alt=\"20190206_103346\" width=\"270\" height=\"220\" \/><span class=\"su-custom-gallery-title\">20190206_103346<\/span><\/a><\/div><div class=\"su-custom-gallery-slide\" style=\"width:270px;height:220px\"><a href=\"https:\/\/ph-rdc.org\/wp-content\/uploads\/2019\/11\/20190206_103348.jpg\" title=\"20190206_103348\"><img decoding=\"async\" src=\"https:\/\/ph-rdc.org\/wp-content\/uploads\/2019\/11\/20190206_103348-270x220.jpg\" alt=\"20190206_103348\" width=\"270\" height=\"220\" \/><span class=\"su-custom-gallery-title\">20190206_103348<\/span><\/a><\/div><div class=\"su-custom-gallery-slide\" style=\"width:270px;height:220px\"><a href=\"https:\/\/ph-rdc.org\/wp-content\/uploads\/2019\/11\/20190206_103355.jpg\" title=\"20190206_103355\"><img decoding=\"async\" src=\"https:\/\/ph-rdc.org\/wp-content\/uploads\/2019\/11\/20190206_103355-270x220.jpg\" alt=\"20190206_103355\" width=\"270\" height=\"220\" \/><span class=\"su-custom-gallery-title\">20190206_103355<\/span><\/a><\/div><div class=\"su-custom-gallery-slide\" style=\"width:270px;height:220px\"><a href=\"https:\/\/ph-rdc.org\/wp-content\/uploads\/2019\/11\/20190206_103414-e1577326434660.jpg\" title=\"20190206_103414\"><img loading=\"lazy\" decoding=\"async\" src=\"https:\/\/ph-rdc.org\/wp-content\/uploads\/2019\/11\/20190206_103414-e1577326434660.jpg\" alt=\"20190206_103414\" width=\"270\" height=\"220\" \/><span class=\"su-custom-gallery-title\">20190206_103414<\/span><\/a><\/div><div class=\"su-clear\"><\/div><\/div>\r\n<h2 style=\"text-align: left;\">Atelier d&rsquo;Echange d\u2019exp\u00e9rience round 1 &amp; 2<\/h2>\r\n<p style=\"text-align: left;\"><div class=\"su-custom-gallery su-custom-gallery-align-left su-custom-gallery-title-always su-lightbox-gallery\"><div class=\"su-custom-gallery-slide\" style=\"width:270px;height:220px\"><a href=\"https:\/\/ph-rdc.org\/wp-content\/uploads\/2019\/11\/atelier-dEchange-dexperience-round-1-2-2.jpg\" title=\"atelier d&rsquo;Echange d&rsquo;experience round 1 &#038; 2 2\"><img loading=\"lazy\" decoding=\"async\" src=\"https:\/\/ph-rdc.org\/wp-content\/uploads\/2019\/11\/atelier-dEchange-dexperience-round-1-2-2-270x220.jpg\" alt=\"atelier d&rsquo;Echange d&rsquo;experience round 1 &#038; 2 2\" width=\"270\" height=\"220\" \/><span class=\"su-custom-gallery-title\">atelier d&rsquo;Echange d&rsquo;experience round 1 &#038; 2 2<\/span><\/a><\/div><div class=\"su-custom-gallery-slide\" style=\"width:270px;height:220px\"><a href=\"https:\/\/ph-rdc.org\/wp-content\/uploads\/2019\/11\/atelier-dEchange-dexperience-round-1-2-11.jpg\" title=\"atelier d&rsquo;Echange d&rsquo;experience round 1 &#038; 2 11\"><img loading=\"lazy\" decoding=\"async\" src=\"https:\/\/ph-rdc.org\/wp-content\/uploads\/2019\/11\/atelier-dEchange-dexperience-round-1-2-11-270x220.jpg\" alt=\"atelier d&rsquo;Echange d&rsquo;experience round 1 &#038; 2 11\" width=\"270\" height=\"220\" \/><span class=\"su-custom-gallery-title\">atelier d&rsquo;Echange d&rsquo;experience round 1 &#038; 2 11<\/span><\/a><\/div><div class=\"su-custom-gallery-slide\" style=\"width:270px;height:220px\"><a href=\"https:\/\/ph-rdc.org\/wp-content\/uploads\/2019\/11\/atelier-dEchange-dexperience-round-1-2-10.jpg\" title=\"atelier d&rsquo;Echange d&rsquo;experience round 1 &#038; 2 10\"><img loading=\"lazy\" decoding=\"async\" src=\"https:\/\/ph-rdc.org\/wp-content\/uploads\/2019\/11\/atelier-dEchange-dexperience-round-1-2-10-270x220.jpg\" alt=\"atelier d&rsquo;Echange d&rsquo;experience round 1 &#038; 2 10\" width=\"270\" height=\"220\" \/><span class=\"su-custom-gallery-title\">atelier d&rsquo;Echange d&rsquo;experience round 1 &#038; 2 10<\/span><\/a><\/div><div class=\"su-custom-gallery-slide\" style=\"width:270px;height:220px\"><a href=\"https:\/\/ph-rdc.org\/wp-content\/uploads\/2019\/11\/atelier-dEchange-dexperience-round-1-2-9.jpg\" title=\"atelier d&rsquo;Echange d&rsquo;experience round 1 &#038; 2 9\"><img loading=\"lazy\" decoding=\"async\" src=\"https:\/\/ph-rdc.org\/wp-content\/uploads\/2019\/11\/atelier-dEchange-dexperience-round-1-2-9-270x220.jpg\" alt=\"atelier d&rsquo;Echange d&rsquo;experience round 1 &#038; 2 9\" width=\"270\" height=\"220\" \/><span class=\"su-custom-gallery-title\">atelier d&rsquo;Echange d&rsquo;experience round 1 &#038; 2 9<\/span><\/a><\/div><div class=\"su-custom-gallery-slide\" style=\"width:270px;height:220px\"><a href=\"https:\/\/ph-rdc.org\/wp-content\/uploads\/2019\/11\/atelier-dEchange-dexperience-round-1-2-7.jpg\" title=\"atelier d&rsquo;Echange d&rsquo;experience round 1 &#038; 2 7\"><img loading=\"lazy\" decoding=\"async\" src=\"https:\/\/ph-rdc.org\/wp-content\/uploads\/2019\/11\/atelier-dEchange-dexperience-round-1-2-7-270x220.jpg\" alt=\"atelier d&rsquo;Echange d&rsquo;experience round 1 &#038; 2 7\" width=\"270\" height=\"220\" \/><span class=\"su-custom-gallery-title\">atelier d&rsquo;Echange d&rsquo;experience round 1 &#038; 2 7<\/span><\/a><\/div><div class=\"su-custom-gallery-slide\" style=\"width:270px;height:220px\"><a href=\"https:\/\/ph-rdc.org\/wp-content\/uploads\/2019\/11\/atelier-dEchange-dexperience-round-1-2-7-1.jpg\" title=\"atelier d&rsquo;Echange d&rsquo;experience round 1 &#038; 2 7\"><img loading=\"lazy\" decoding=\"async\" src=\"https:\/\/ph-rdc.org\/wp-content\/uploads\/2019\/11\/atelier-dEchange-dexperience-round-1-2-7-1-270x220.jpg\" alt=\"atelier d&rsquo;Echange d&rsquo;experience round 1 &#038; 2 7\" width=\"270\" height=\"220\" \/><span class=\"su-custom-gallery-title\">atelier d&rsquo;Echange d&rsquo;experience round 1 &#038; 2 7<\/span><\/a><\/div><div class=\"su-custom-gallery-slide\" style=\"width:270px;height:220px\"><a href=\"https:\/\/ph-rdc.org\/wp-content\/uploads\/2019\/11\/atelier-dEchange-dexperience-round-1-2-3.jpg\" title=\"atelier d&rsquo;Echange d&rsquo;experience round 1 &#038; 2 3\"><img loading=\"lazy\" decoding=\"async\" src=\"https:\/\/ph-rdc.org\/wp-content\/uploads\/2019\/11\/atelier-dEchange-dexperience-round-1-2-3-270x220.jpg\" alt=\"atelier d&rsquo;Echange d&rsquo;experience round 1 &#038; 2 3\" width=\"270\" height=\"220\" \/><span class=\"su-custom-gallery-title\">atelier d&rsquo;Echange d&rsquo;experience round 1 &#038; 2 3<\/span><\/a><\/div><div class=\"su-custom-gallery-slide\" style=\"width:270px;height:220px\"><a href=\"https:\/\/ph-rdc.org\/wp-content\/uploads\/2019\/11\/atelier-dEchange-dexperience-round-1-2-5.jpg\" title=\"atelier d&rsquo;Echange d&rsquo;experience round 1 &#038; 2 5\"><img loading=\"lazy\" decoding=\"async\" src=\"https:\/\/ph-rdc.org\/wp-content\/uploads\/2019\/11\/atelier-dEchange-dexperience-round-1-2-5-270x220.jpg\" alt=\"atelier d&rsquo;Echange d&rsquo;experience round 1 &#038; 2 5\" width=\"270\" height=\"220\" \/><span class=\"su-custom-gallery-title\">atelier d&rsquo;Echange d&rsquo;experience round 1 &#038; 2 5<\/span><\/a><\/div><div class=\"su-clear\"><\/div><\/div>\r\n<h2>Atelier de d\u00e9fense Round 3<\/h2>\r\n<div class=\"su-custom-gallery su-custom-gallery-align-left su-custom-gallery-title-always su-lightbox-gallery\"><div class=\"su-custom-gallery-slide\" style=\"width:270px;height:220px\"><a href=\"https:\/\/ph-rdc.org\/wp-content\/uploads\/2019\/11\/atelier-de-defense-microprojet-round-3-1.jpg\" title=\"atelier de defense microprojet round 3 1\"><img loading=\"lazy\" decoding=\"async\" src=\"https:\/\/ph-rdc.org\/wp-content\/uploads\/2019\/11\/atelier-de-defense-microprojet-round-3-1-270x220.jpg\" alt=\"atelier de defense microprojet round 3 1\" width=\"270\" height=\"220\" \/><span class=\"su-custom-gallery-title\">atelier de defense microprojet round 3 1<\/span><\/a><\/div><div class=\"su-custom-gallery-slide\" style=\"width:270px;height:220px\"><a href=\"https:\/\/ph-rdc.org\/wp-content\/uploads\/2019\/11\/atelier-de-defense-microprojet-round-3-3.jpg\" title=\"atelier de defense microprojet round 3 3\"><img loading=\"lazy\" decoding=\"async\" src=\"https:\/\/ph-rdc.org\/wp-content\/uploads\/2019\/11\/atelier-de-defense-microprojet-round-3-3-270x220.jpg\" alt=\"atelier de defense microprojet round 3 3\" width=\"270\" height=\"220\" \/><span class=\"su-custom-gallery-title\">atelier de defense microprojet round 3 3<\/span><\/a><\/div><div class=\"su-custom-gallery-slide\" style=\"width:270px;height:220px\"><a href=\"https:\/\/ph-rdc.org\/wp-content\/uploads\/2019\/11\/atelier-de-defense-microprojet-round-3-4.jpg\" title=\"atelier de defense microprojet round 3 4\"><img loading=\"lazy\" decoding=\"async\" src=\"https:\/\/ph-rdc.org\/wp-content\/uploads\/2019\/11\/atelier-de-defense-microprojet-round-3-4-270x220.jpg\" alt=\"atelier de defense microprojet round 3 4\" width=\"270\" height=\"220\" \/><span class=\"su-custom-gallery-title\">atelier de defense microprojet round 3 4<\/span><\/a><\/div><div class=\"su-custom-gallery-slide\" style=\"width:270px;height:220px\"><a href=\"https:\/\/ph-rdc.org\/wp-content\/uploads\/2019\/11\/atelier-de-defense-microprojet-round-3-5.jpg\" title=\"atelier de defense microprojet round 3 5\"><img loading=\"lazy\" decoding=\"async\" src=\"https:\/\/ph-rdc.org\/wp-content\/uploads\/2019\/11\/atelier-de-defense-microprojet-round-3-5-270x220.jpg\" alt=\"atelier de defense microprojet round 3 5\" width=\"270\" height=\"220\" \/><span class=\"su-custom-gallery-title\">atelier de defense microprojet round 3 5<\/span><\/a><\/div><div class=\"su-custom-gallery-slide\" style=\"width:270px;height:220px\"><a href=\"https:\/\/ph-rdc.org\/wp-content\/uploads\/2019\/11\/atelier-de-defense-microprojet-round-3-7-e1576501573464.jpg\" title=\"atelier de defense microprojet round 3 7\"><img loading=\"lazy\" decoding=\"async\" src=\"https:\/\/ph-rdc.org\/wp-content\/uploads\/2019\/11\/atelier-de-defense-microprojet-round-3-7-e1576501573464.jpg\" alt=\"atelier de defense microprojet round 3 7\" width=\"270\" height=\"220\" \/><span class=\"su-custom-gallery-title\">atelier de defense microprojet round 3 7<\/span><\/a><\/div><div class=\"su-custom-gallery-slide\" style=\"width:270px;height:220px\"><a href=\"https:\/\/ph-rdc.org\/wp-content\/uploads\/2019\/11\/atelier-de-defense-microprojet-round-3-8.jpg\" title=\"atelier de defense microprojet round 3 8\"><img loading=\"lazy\" decoding=\"async\" src=\"https:\/\/ph-rdc.org\/wp-content\/uploads\/2019\/11\/atelier-de-defense-microprojet-round-3-8-270x220.jpg\" alt=\"atelier de defense microprojet round 3 8\" width=\"270\" height=\"220\" \/><span class=\"su-custom-gallery-title\">atelier de defense microprojet round 3 8<\/span><\/a><\/div><div class=\"su-custom-gallery-slide\" style=\"width:270px;height:220px\"><a href=\"https:\/\/ph-rdc.org\/wp-content\/uploads\/2019\/11\/atelier-de-defense-microprojet-round-3-11.jpg\" title=\"atelier de defense microprojet round 3 11\"><img loading=\"lazy\" decoding=\"async\" src=\"https:\/\/ph-rdc.org\/wp-content\/uploads\/2019\/11\/atelier-de-defense-microprojet-round-3-11-270x220.jpg\" alt=\"atelier de defense microprojet round 3 11\" width=\"270\" height=\"220\" \/><span class=\"su-custom-gallery-title\">atelier de defense microprojet round 3 11<\/span><\/a><\/div><div class=\"su-custom-gallery-slide\" style=\"width:270px;height:220px\"><a href=\"https:\/\/ph-rdc.org\/wp-content\/uploads\/2019\/11\/atelier-de-defense-microprojet-round-3-13.jpg\" title=\"atelier de defense microprojet round 3 13\"><img loading=\"lazy\" decoding=\"async\" src=\"https:\/\/ph-rdc.org\/wp-content\/uploads\/2019\/11\/atelier-de-defense-microprojet-round-3-13-270x220.jpg\" alt=\"atelier de defense microprojet round 3 13\" width=\"270\" height=\"220\" \/><span class=\"su-custom-gallery-title\">atelier de defense microprojet round 3 13<\/span><\/a><\/div><div class=\"su-clear\"><\/div><\/div>\r\n\r\n\r\n","protected":false},"excerpt":{"rendered":"<p>Assembl\u00e9e g\u00e9n\u00e9rale Atelier d&rsquo;Echange d\u2019exp\u00e9rience round 1 &amp; 2 Atelier de d\u00e9fense Round 3<\/p>\n","protected":false},"author":1,"featured_media":532,"parent":0,"menu_order":0,"comment_status":"closed","ping_status":"closed","template":"full-width.php","meta":{"sfsi_plus_gutenberg_text_before_share":"","sfsi_plus_gutenberg_show_text_before_share":"","sfsi_plus_gutenberg_icon_type":"","sfsi_plus_gutenberg_icon_alignemt":"","sfsi_plus_gutenburg_max_per_row":"","footnotes":""},"class_list":["post-677","page","type-page","status-publish","has-post-thumbnail","hentry"],"_links":{"self":[{"href":"https:\/\/ph-rdc.org\/index.php\/wp-json\/wp\/v2\/pages\/677","targetHints":{"allow":["GET"]}}],"collection":[{"href":"https:\/\/ph-rdc.org\/index.php\/wp-json\/wp\/v2\/pages"}],"about":[{"href":"https:\/\/ph-rdc.org\/index.php\/wp-json\/wp\/v2\/types\/page"}],"author":[{"embeddable":true,"href":"https:\/\/ph-rdc.org\/index.php\/wp-json\/wp\/v2\/users\/1"}],"replies":[{"embeddable":true,"href":"https:\/\/ph-rdc.org\/index.php\/wp-json\/wp\/v2\/comments?post=677"}],"version-history":[{"count":12,"href":"https:\/\/ph-rdc.org\/index.php\/wp-json\/wp\/v2\/pages\/677\/revisions"}],"predecessor-version":[{"id":714,"href":"https:\/\/ph-rdc.org\/index.php\/wp-json\/wp\/v2\/pages\/677\/revisions\/714"}],"wp:featuredmedia":[{"embeddable":true,"href":"https:\/\/ph-rdc.org\/index.php\/wp-json\/wp\/v2\/media\/532"}],"wp:attachment":[{"href":"https:\/\/ph-rdc.org\/index.php\/wp-json\/wp\/v2\/media?parent=677"}],"curies":[{"name":"wp","href":"https:\/\/api.w.org\/{rel}","templated":true}]}}