{"id":423,"date":"2019-09-26T12:30:32","date_gmt":"2019-09-26T10:30:32","guid":{"rendered":"https:\/\/ph-rdc.org\/?page_id=423"},"modified":"2019-12-26T01:54:14","modified_gmt":"2019-12-26T00:54:14","slug":"micro-projet-qualite-round-1","status":"publish","type":"page","link":"https:\/\/ph-rdc.org\/index.php\/micro-projet-qualite-round-1\/","title":{"rendered":"MICRO PROJET QUALITE ROUND 1"},"content":{"rendered":"\n<div class=\"wp-block-columns has-2-columns is-layout-flex wp-container-core-columns-is-layout-9d6595d7 wp-block-columns-is-layout-flex\">\n<div class=\"wp-block-column is-layout-flow wp-block-column-is-layout-flow\">\n<div class=\"wp-block-button\"><a class=\"wp-block-button__link has-background has-vivid-red-background-color no-border-radius\" href=\"https:\/\/ph-rdc.org\/index.php\/category\/projets-finances-round-1\/\"> ROUND 1: Cliquer pour voir les r\u00e9alisations des projets financ\u00e9s <\/a><\/div>\n\n\n\n<p>En vue d\u2019accompagner ses h\u00f4pitaux membres \u00e0 am\u00e9liorer la qualit\u00e9 des soins offerts \u00e0 la population, la plateforme hospitali\u00e8re de la RDC a initi\u00e9 le financement des projets qualit\u00e9.<\/p>\n\n\n\n<p>\u00c0 la suite de l\u2019atelier tenue en juillet 2017 au profit des h\u00f4pitaux membres, pour renforcer leurs capacit\u00e9s dans la r\u00e9daction d\u2019une demande de financement, un appel \u00e0 projets a \u00e9t\u00e9 lanc\u00e9 le 06\/10\/2017 \u00e0 l\u2019intention de tous les h\u00f4pitaux membres.<\/p>\n\n\n\n<p>Chaque h\u00f4pital soumissionnaire devrait pr\u00e9senter un projet qualit\u00e9 conform\u00e9ment aux dispositions de l\u2019appel \u00e0 projets et le canevas mis \u00e0 leur disposition. Le budget devrait varier entre 3500-5000 euros.<\/p>\n\n\n\n<p>Pour permettre \u00e0 la plateforme de cheminer avec le processus entam\u00e9 en juillet, un atelier de s\u00e9lection de microprojets a \u00e9t\u00e9 organis\u00e9 du 21 au 22 novembre 2017 dans la salle Kaizen de la clinique Ngaliema avec la participation de tous les h\u00f4pitaux membres, la direction des \u00e9tablissements des soins (DES\/D2), la Division Provinciale de la Sant\u00e9 de Kinshasa (DPS\/Kin) ainsi que les ONG accompagnant la plateforme.<\/p>\n\n\n\n<p>Au total 9 demandes de microprojets soumises par les h\u00f4pitaux ont fait l\u2019objet de pr\u00e9sentation et d\u2019\u00e9valuation durant ces deux jours d\u2019atelier.<\/p>\n<\/div>\n\n\n\n<div class=\"wp-block-column is-layout-flow wp-block-column-is-layout-flow\">\n<h3 class=\"wp-block-heading\"><strong>Descriptifs des projets<\/strong><\/h3>\n\n\n\n<p>Les r\u00e9sultats sont r\u00e9sum\u00e9s dans le tableau ci \u2013apr\u00e8s:<\/p>\n\n\n<div class=\"su-accordion su-u-trim\">\n<div class=\"su-spoiler su-spoiler-style-default su-spoiler-icon-plus su-spoiler-closed\" data-scroll-offset=\"0\" data-anchor-in-url=\"no\"><div class=\"su-spoiler-title\" tabindex=\"0\" role=\"button\"><span class=\"su-spoiler-icon\"><\/span>1. H\u00f4pital Saint Luc de Kisantu<\/div><div class=\"su-spoiler-content su-u-clearfix su-u-trim\"><strong>Titre du projet&nbsp;<\/strong>: Projet de renforcement de l\u2019\u00e9quipement de service de st\u00e9rilisation de l\u2019h\u00f4pital St Luc de Kisantu<\/p>\n<p><strong>Br\u00e8ve description<\/strong>&nbsp;:<\/p>\n<p>L\u2019h\u00f4pital dessert une population estim\u00e9e \u00e0 190829 habitants. C\u2019est un h\u00f4pital confessionnel (BDOM Kisantu) qui fait office d\u2019H\u00f4pital G\u00e9n\u00e9ral de r\u00e9f\u00e9rence de la ZS de Kisantu (Province de Kongo Central). L\u2019h\u00f4pital compte 340 lits et organise 4 services de base dont Chirurgie, Gyn\u00e9co Obst\u00e9trique, P\u00e9diatrie et M\u00e9decine Interne plus 3 sp\u00e9cialit\u00e9s dont Orthop\u00e9die, ophtalmologie et la dentisterie. L\u2019h\u00f4pital compte 168 agents, dont 108 professionnels de sant\u00e9 et 54 personnels administratifs. Ce projet visait l\u2019am\u00e9lioration de la qualit\u00e9 des soins offerts aux patients \u00e0 travers le renforcement du service de st\u00e9rilisation. Notez que plus de 10% des patients re\u00e7us \u00e0 l\u2019h\u00f4pital b\u00e9n\u00e9ficient d\u2019une intervention chirurgicale. L\u2019h\u00f4pital ne disposant que d\u2019un seul autoclave de 145 litres fonctionnels datant de 2005avaient estim\u00e9 qu\u2019il faille renforcer le service de st\u00e9rilisation en le dotant d\u2019un nouvel autoclave d\u2019une capacit\u00e9 de 200 litres.<\/div><\/div> <div class=\"su-spoiler su-spoiler-style-default su-spoiler-icon-plus su-spoiler-closed\" data-scroll-offset=\"0\" data-anchor-in-url=\"no\"><div class=\"su-spoiler-title\" tabindex=\"0\" role=\"button\"><span class=\"su-spoiler-icon\"><\/span>2. Clinique Ngaliema<\/div><div class=\"su-spoiler-content su-u-clearfix su-u-trim\"><strong>Titre du projet<\/strong>&nbsp;: R\u00e9habilitation du Box III de l\u2019unit\u00e9 de n\u00e9onatologie de la clinique Ngaliema<\/p>\n<p><strong>Br\u00e8ve description<\/strong>&nbsp;:<\/p>\n<p>La Clinique Ngaliema, cr\u00e9\u00e9e en 1927, est un H\u00f4pital Public National de R\u00e9f\u00e9rence Tertiaire (Province de Kinshasa). Il compte 217 lits mont\u00e9s. Il organise les services de m\u00e9decine interne, p\u00e9diatrie, chirurgie, gyn\u00e9co-obst\u00e9trique, laboratoire, imagerie m\u00e9dicale, pharmacie ainsi que les services sp\u00e9cialis\u00e9s suivants : ORL, Ophtalmologie, dermatologie et stomatologie. La clinique Ngaliema re\u00e7oit en moyenne 7 000 patients par an, dont 424 nouveau-n\u00e9s (17% proviennent de l\u2019ext\u00e9rieur). De ce fait, ce projet s\u2019est assign\u00e9 comme objectif g\u00e9n\u00e9ral, r\u00e9duire le risque infectieux et de r\u00e9aliser des soins de qualit\u00e9 en n\u00e9onatologie. De mani\u00e8re sp\u00e9cifique, il fallait assurer la r\u00e9habilitation des box III de l\u2019unit\u00e9 de n\u00e9onatalogie qui accueille les b\u00e9b\u00e9s qui proviennent d\u2019autres structures sanitaires. Cela facilitera la s\u00e9paration des nouveau-n\u00e9s en fonction de leur risque infectieux. <\/div><\/div> <div class=\"su-spoiler su-spoiler-style-default su-spoiler-icon-plus su-spoiler-closed\" data-scroll-offset=\"0\" data-anchor-in-url=\"no\"><div class=\"su-spoiler-title\" tabindex=\"0\" role=\"button\"><span class=\"su-spoiler-icon\"><\/span>3. Cliniques Universitaires de Kinshasa(CUK)<\/div><div class=\"su-spoiler-content su-u-clearfix su-u-trim\"><strong>Titre du projet<\/strong>&nbsp;: R\u00e9habilitation de la salle d\u2019op\u00e9ration de chirurgie p\u00e9diatrique<\/p>\n<p><strong>Br\u00e8ve description<\/strong>&nbsp;:<\/p>\n<p>Les CUK, h\u00f4pital de niveau tertiaire, sont une institution d\u2019enseignement universitaire avec vocation de formation des m\u00e9decins g\u00e9n\u00e9ralistes et sp\u00e9cialistes (Province de Kinshasa). Elle offre \u00e9galement ses services \u00e0 tout citoyen, quel que soit son niveau social. Depuis 2011, une partie du bloc op\u00e9ratoire a \u00e9t\u00e9 mis hors d\u2019usage \u00e0 cause du d\u00e9labrement des accessoires de la superstructure et la d\u00e9t\u00e9rioration du syst\u00e8me d\u2019adduction d\u2019eau. Ceci a conduit \u00e0 l\u2019utilisation d\u2019une m\u00eame salle pour la chirurgie adulte et la chirurgie p\u00e9diatrique rendant les conditions de travail difficile en particulier pour la chirurgie p\u00e9diatrique et exposant les enfants \u00e0 op\u00e9rer \u00e0 des risques infectieux et autres complications suppl\u00e9mentaires. C\u2019est ainsi que ce projet a \u00e9t\u00e9 \u00e9labor\u00e9 en vue de la r\u00e9habilitation d\u2019une partie du bloc op\u00e9ratoire sp\u00e9cialement la salle d\u2019op\u00e9ration septique d\u00e9di\u00e9e \u00e0 la chirurgie p\u00e9diatrique.<\/div><\/div><div class=\"su-spoiler su-spoiler-style-default su-spoiler-icon-plus su-spoiler-closed\" data-scroll-offset=\"0\" data-anchor-in-url=\"no\"><div class=\"su-spoiler-title\" tabindex=\"0\" role=\"button\"><span class=\"su-spoiler-icon\"><\/span>4. H\u00f4pital P\u00e9diatrique de Kalembe Lembe<\/div><div class=\"su-spoiler-content su-u-clearfix su-u-trim\"><strong>Titre du projet<\/strong>&nbsp;: R\u00e9habilitation du service de n\u00e9onatologie au sein de l\u2019h\u00f4pital p\u00e9diatrique de Kalembelembe<\/p>\n<p><strong>Br\u00e8ve description<\/strong>&nbsp;:<\/p>\n<p>H\u00f4pital public, exclusivement p\u00e9diatrique (Province de Kinshasa). \u00c0 la suite d\u2019un incendie de son unit\u00e9 de n\u00e9onatologie en janvier 2017, la direction a initi\u00e9 ce projet afin de r\u00e9habiliter ce service dont la capacit\u00e9 d\u2019accueil \u00e9tait de 17 lits. Le but poursuivi \u00e9tait d\u2019am\u00e9liorer la qualit\u00e9 de soins offerts aux nouveaux n\u00e9s.de mani\u00e8re sp\u00e9cifique, les conditions d\u2019accueil des b\u00e9b\u00e9s pris en charge en n\u00e9onatologie dont les pr\u00e9matur\u00e9s en provenance d\u2019autres h\u00f4pitaux de la ville voire de l\u2019int\u00e9rieur du pays devraient \u00eatre am\u00e9lior\u00e9es \u00e0 travers la r\u00e9habilitation des locaux du service de n\u00e9onatologie endommag\u00e9s par l\u2019incendie de 2017.<\/div><\/div> <div class=\"su-spoiler su-spoiler-style-default su-spoiler-icon-plus su-spoiler-closed\" data-scroll-offset=\"0\" data-anchor-in-url=\"no\"><div class=\"su-spoiler-title\" tabindex=\"0\" role=\"button\"><span class=\"su-spoiler-icon\"><\/span>5. H\u00f4pital de Kintambo<\/div><div class=\"su-spoiler-content su-u-clearfix su-u-trim\"><strong>Titre du projet&nbsp;<\/strong>: Projet d\u2019am\u00e9lioration du plateau technique du service de laboratoire<\/p>\n<p><strong>Br\u00e8ve description<\/strong>&nbsp;:<\/p>\n<p>L\u2019h\u00f4pital g\u00e9n\u00e9ral de r\u00e9f\u00e9rence(HGR) de Kintambo \u00e9tait construit en 1958. Il fait office d\u2019HGR pour les zones de sant\u00e9 de Ngiri-Ngiri, Binza Ozone, Bandalungwa, Kintambo et Binza M\u00e9t\u00e9o dans la ville province de Kinshasa (soit environ 1,3 million d&rsquo;habitants). La ZS de Kintambo seule compte pr\u00e8s de 100.000 habitants. Il compte 230 lits mont\u00e9s. Il organise les services de p\u00e9diatrie, de m\u00e9decine interne, de chirurgie, d\u2019imagerie m\u00e9dicale, de laboratoire et un service de gyn\u00e9cologie pour la prise en charge des victimes des violences sexuelles. Le nombre limit\u00e9 d\u2019examens r\u00e9alis\u00e9s au laboratoire et la faible qualit\u00e9 de ceux qui sont r\u00e9alis\u00e9s influent n\u00e9gativement sur la qualit\u00e9 des soins offerts aux patients. \u00c0 titre d\u2019illustration, les examens des plaquettes, l\u2019ionogramme, r\u00e9ticulocytes\u2026 ne se r\u00e9alisent plus au laboratoire de l\u2019HGR Kintambo \u00e0 la suite des pannes des appareils (ex. sysmex) et la rupture de stock des r\u00e9actifs. D\u2019o\u00f9, ce projet pour renforcer le plateau technique du laboratoire en vue d\u2019am\u00e9liorer la qualit\u00e9 des soins offerts aux patients.<\/div><\/div> <div class=\"su-spoiler su-spoiler-style-default su-spoiler-icon-plus su-spoiler-closed\" data-scroll-offset=\"0\" data-anchor-in-url=\"no\"><div class=\"su-spoiler-title\" tabindex=\"0\" role=\"button\"><span class=\"su-spoiler-icon\"><\/span>6. H\u00f4pital de Kinkole<\/div><div class=\"su-spoiler-content su-u-clearfix su-u-trim\"><strong>Titre du projet<\/strong>&nbsp;: Projet de r\u00e9habilitation et r\u00e9organisation de services des finances de l&rsquo;H\u00f4pital G\u00e9n\u00e9ral de R\u00e9f\u00e9rence de Kinkole, Zone de Sant\u00e9 de N&rsquo;sele<\/p>\n<p><strong>Br\u00e8ve description<\/strong>&nbsp;:<\/p>\n<p>L&rsquo;HGR de Kinkole fait office d\u2019H\u00f4pital G\u00e9n\u00e9ral de R\u00e9f\u00e9rence de la ZS de N\u2019Sele (Province de Kinshasa). L\u2019h\u00f4pital dessert une population totale estim\u00e9e \u00e0 465775 et re\u00e7oit en moyenne 12.600 patients par an ; il fait face au probl\u00e8me de gouvernance d\u2019o\u00f9 mauvaise gestion financi\u00e8re et d\u00e9perdition des recettes. Par cons\u00e9quent, l\u2019\u00e9quipe de la direction avait \u00e9labor\u00e9 ce projet pour am\u00e9liorer la gestion financi\u00e8re au sein de l\u2019h\u00f4pital en le dotant d\u2019\u00e9quipements et outils de gestion financi\u00e8re ad\u00e9quats. Le projet prenait en compte \u00e9galement le renforcement des capacit\u00e9s des prestataires dans le domaine de la gestion financi\u00e8re.<\/div><\/div><div class=\"su-spoiler su-spoiler-style-default su-spoiler-icon-plus su-spoiler-closed\" data-scroll-offset=\"0\" data-anchor-in-url=\"no\"><div class=\"su-spoiler-title\" tabindex=\"0\" role=\"button\"><span class=\"su-spoiler-icon\"><\/span>7. H\u00f4pital de Monkole<\/div><div class=\"su-spoiler-content su-u-clearfix su-u-trim\"><strong>Titre du projet<\/strong>&nbsp;: Projet de R\u00e9habilitation des voies de canalisation d\u2019eaux \u00e0 Monkole<\/p>\n<p><strong>Br\u00e8ve description<\/strong>&nbsp;:<\/p>\n<p>CH Monkole est l\u2019h\u00f4pital g\u00e9n\u00e9ral de r\u00e9f\u00e9rence de la zone de sant\u00e9 Mont Ngafula 1(Province de Kinshasa). Il dessert plus de 300.000 habitants. Son d\u00e9partement de chirurgie (implant\u00e9e dans le bloc d\u00e9nomm\u00e9 Monkole 2) re\u00e7oit pr\u00e8s de 20% des consultations sp\u00e9cialis\u00e9es (pour 97 000 patients re\u00e7us, dont pr\u00e8s de 5600 hospitalisations en 2017) et assure des interventions chirurgicales. Mais il se pose un probl\u00e8me d\u2019acc\u00e8s en eau potable depuis 2016 suite au d\u00e9labrement des voies de distribution d\u2019eau.<\/p>\n<p>Cette situation emm\u00e8ne les chirurgiens \u00e0 se brosser des moyens d\u00e9risoires avant une intervention suite \u00e0 l\u2019insuffisance d\u2019eau. Cons\u00e9quences : augmentation de taux d\u2019infection pari\u00e9tale en post chirurgical. D\u2019o\u00f9 ce projet a \u00e9t\u00e9 initi\u00e9 pour r\u00e9habiliter les voies de distribution d\u2019eau courante. Le but poursuivi est de r\u00e9duire de 80% le taux d\u2019infection post op\u00e9ratoire end\u00e9ans 18 mois.<\/div><\/div> <div class=\"su-spoiler su-spoiler-style-default su-spoiler-icon-plus su-spoiler-closed\" data-scroll-offset=\"0\" data-anchor-in-url=\"no\"><div class=\"su-spoiler-title\" tabindex=\"0\" role=\"button\"><span class=\"su-spoiler-icon\"><\/span>8. H\u00f4pital militaire de Camp kokolo<\/div><div class=\"su-spoiler-content su-u-clearfix su-u-trim\"><strong>Titre du projet<\/strong>&nbsp;: Am\u00e9nagement d\u2019une salle d\u2019archives pour l\u2019archivage des dossiers des patients \u00e0 l\u2019h\u00f4pital militaire central de Camp Kokolo<\/p>\n<p><strong>Br\u00e8ve description<\/strong>&nbsp;:<\/p>\n<p>L\u2019H\u00f4pital Militaire Central de camps Kokolo est implant\u00e9 dans le camp militaire Kokolo, dans la commune de Bandalungwa, ville de Kinshasa. Il fait office d\u2019h\u00f4pital national militaire de r\u00e9f\u00e9rence. Sa mission : prendre en charge les militaires et ses d\u00e9pendants ainsi que la population civile, servir de cadre d\u2019instruction et d\u00e9velopper la recherche m\u00e9dicale au sein de l\u2019arm\u00e9e. L\u2019h\u00f4pital \u00e9prouve des difficult\u00e9s pour bien g\u00e9rer les dossiers des patients suite \u00e0 l\u2019absence des proc\u00e9dures, exigu\u00eft\u00e9 de la salle de conservation des archives m\u00e9dicale, manque d\u2019\u00e9quipements et mobiliers et comp\u00e9tences pratiques des prestataires limit\u00e9es\u2026Cons\u00e9quences : mise \u00e0 disposition tardive des dossiers des patients et difficult\u00e9 de circulation d\u2019informations entre le bureau des mouvements des patients et l\u2019\u00e9quipe des prestataires. \u00c9tant donn\u00e9 que l\u2019archivage des dossiers des patients constitue un des \u00e9l\u00e9ments de la qualit\u00e9 des soins, l\u2019HMC Kokolo avait initi\u00e9 ce projet pour am\u00e9liorer la gestion des dossiers patients \u00e0 l\u2019aide d\u2019un archivage de qualit\u00e9\u2026le but poursuivi par ce projet \u00e9tait de mettre en place un syst\u00e8me de gestion d\u2019archives efficace qui int\u00e8gre le circuit de circulation des documents, le classement, la conservation et l\u2019\u00e9limination des dossiers et documents administratifs en lien avec les soins des patients. Cette mise en place passera par la d\u00e9finition d\u2019une politique de gestion des archives au sein de l\u2019institution et le renforcement des comp\u00e9tences de prestataires plus la r\u00e9habilitation des locaux et la mise \u00e0 disposition des mat\u00e9riels et \u00e9quipements pour la gestion des archives.<\/div><\/div> <div class=\"su-spoiler su-spoiler-style-default su-spoiler-icon-plus su-spoiler-closed\" data-scroll-offset=\"0\" data-anchor-in-url=\"no\"><div class=\"su-spoiler-title\" tabindex=\"0\" role=\"button\"><span class=\"su-spoiler-icon\"><\/span>9. HGR Roi Baudoin 1er<\/div><div class=\"su-spoiler-content su-u-clearfix su-u-trim\"><strong>Titre du projet<\/strong>&nbsp;: Projet d\u2019acquisition des matelas<\/p>\n<p><strong>Br\u00e8ve description<\/strong>&nbsp;:<\/p>\n<p>Le centre hospitalier Roi Baudouin 1er est situ\u00e9 dans la zone de sant\u00e9 Masina 1(Kinshasa). Il dessert une population totale de 393.197 mille hab. Avec 139 lits mont\u00e9s, il d\u00e9veloppe 4 services de base (M\u00e9decine Interne, Gyn\u00e9co Obst\u00e9trique, P\u00e9diatrie et Chirurgie) plus un service des urgences et un pavillon de prise en charge de la Trypanosomiase Humaine Africaine. Les conditions de s\u00e9jour des patients sont mauvaises. Les matelas sont d\u00e9labr\u00e9s et constituent un facteur de risque de transmission d\u2019infections nosocomiales aux patients. Le renouvellement des matelas et la mise en plan de renouvellement progressif d\u00e9fectueux s\u2019av\u00e9raient n\u00e9cessaires. D\u2019o\u00f9 la soumission de ce projet. L\u2019h\u00f4pital avait sollicit\u00e9 la dotation en 150 matelas.<\/div><\/div><\/div>\n<\/div>\n<\/div>\n","protected":false},"excerpt":{"rendered":"<p>En vue d\u2019accompagner ses h\u00f4pitaux membres \u00e0 am\u00e9liorer la qualit\u00e9 des soins offerts \u00e0 la population, la plateforme hospitali\u00e8re de la RDC a initi\u00e9 le financement des projets qualit\u00e9. \u00c0 la suite de l\u2019atelier tenue en juillet 2017 au profit des h\u00f4pitaux membres, pour renforcer leurs capacit\u00e9s dans la r\u00e9daction d\u2019une demande de financement, un&#8230; <\/p>\n","protected":false},"author":1,"featured_media":0,"parent":0,"menu_order":0,"comment_status":"closed","ping_status":"closed","template":"full-width.php","meta":{"sfsi_plus_gutenberg_text_before_share":"","sfsi_plus_gutenberg_show_text_before_share":"","sfsi_plus_gutenberg_icon_type":"","sfsi_plus_gutenberg_icon_alignemt":"","sfsi_plus_gutenburg_max_per_row":"","footnotes":""},"class_list":["post-423","page","type-page","status-publish","hentry"],"_links":{"self":[{"href":"https:\/\/ph-rdc.org\/index.php\/wp-json\/wp\/v2\/pages\/423","targetHints":{"allow":["GET"]}}],"collection":[{"href":"https:\/\/ph-rdc.org\/index.php\/wp-json\/wp\/v2\/pages"}],"about":[{"href":"https:\/\/ph-rdc.org\/index.php\/wp-json\/wp\/v2\/types\/page"}],"author":[{"embeddable":true,"href":"https:\/\/ph-rdc.org\/index.php\/wp-json\/wp\/v2\/users\/1"}],"replies":[{"embeddable":true,"href":"https:\/\/ph-rdc.org\/index.php\/wp-json\/wp\/v2\/comments?post=423"}],"version-history":[{"count":32,"href":"https:\/\/ph-rdc.org\/index.php\/wp-json\/wp\/v2\/pages\/423\/revisions"}],"predecessor-version":[{"id":751,"href":"https:\/\/ph-rdc.org\/index.php\/wp-json\/wp\/v2\/pages\/423\/revisions\/751"}],"wp:attachment":[{"href":"https:\/\/ph-rdc.org\/index.php\/wp-json\/wp\/v2\/media?parent=423"}],"curies":[{"name":"wp","href":"https:\/\/api.w.org\/{rel}","templated":true}]}}