{"id":377,"date":"2019-09-25T22:39:13","date_gmt":"2019-09-25T20:39:13","guid":{"rendered":"https:\/\/ph-rdc.org\/?page_id=377"},"modified":"2019-12-26T01:46:02","modified_gmt":"2019-12-26T00:46:02","slug":"contribuez-directement-a-la-qualite-de-soins","status":"publish","type":"page","link":"https:\/\/ph-rdc.org\/index.php\/contribuez-directement-a-la-qualite-de-soins\/","title":{"rendered":"Contribuez directement \u00e0 la qualit\u00e9 de soins"},"content":{"rendered":"\n<div class=\"wp-block-media-text alignwide\"><figure class=\"wp-block-media-text__media\"><img fetchpriority=\"high\" decoding=\"async\" width=\"590\" height=\"304\" src=\"https:\/\/ph-rdc.org\/wp-content\/uploads\/2019\/09\/faire-un-don-ph-rdc.jpg\" alt=\"\" class=\"wp-image-390\" srcset=\"https:\/\/ph-rdc.org\/wp-content\/uploads\/2019\/09\/faire-un-don-ph-rdc.jpg 590w, https:\/\/ph-rdc.org\/wp-content\/uploads\/2019\/09\/faire-un-don-ph-rdc-300x155.jpg 300w\" sizes=\"(max-width: 590px) 100vw, 590px\" \/><\/figure><div class=\"wp-block-media-text__content\">\n<h3 class=\"wp-block-heading\">Comment votre don sera utilis\u00e9 ?<\/h3>\n\n\n\n<p>Toutefois, si vous souhaitez contribuer dans un champ d\u2019action sp\u00e9cifique par exemple le VIH ou la sant\u00e9 des enfants de moins de 5 ans ou appuyer un h\u00f4pital de la PH-RDC en particulier, la PH-RDC d\u00e9veloppe des interventions cibl\u00e9es via ses h\u00f4pitaux membres qui sont mis en \u0153uvre en cas de subventions sp\u00e9cifiques.<\/p>\n\n\n\n<p>Notre d\u00e9partement de finance se charge de pr\u00e9parer la reddition de compte et apporte les justifications financi\u00e8res selon la p\u00e9riode d\u2019entente avec le partenaire.&nbsp;La coordination soumet un rapport d\u2019activit\u00e9s et des projets financ\u00e9s par le partenaire.<\/p>\n<\/div><\/div>\n\n\n\n<h3 class=\"wp-block-heading\">Pourquoi nous aider ?<\/h3>\n\n\n\n<p>La PH-RDC est une association des h\u00f4pitaux de la RDC qui \u0153uvre pour l\u2019am\u00e9lioration de la qualit\u00e9 des soins. Les h\u00f4pitaux membres du r\u00e9seau PH-RDC prennent en charge des milliers des Congolais souffrant des pathologies diverses. Ces h\u00f4pitaux peinent \u00e0 r\u00e9pondre efficacement aux besoins de la population suite \u00e0 l\u2019insuffisance des comp\u00e9tences et du plateau technique. L\u2019approche de la PH-RDC vise \u00e0 amener les h\u00f4pitaux les lacunes et les situations ind\u00e9sirables qu\u2019ils vivent aux quotidiens et des trouv\u00e9 des solutions adapt\u00e9es.<\/p>\n\n\n\n<p>La gestion du risque et la s\u00e9curit\u00e9 du patient sont donc au c\u0153ur de notre action. La PH-RDC se veut donc de cr\u00e9er un r\u00e9seau des h\u00f4pitaux au sein duquel les populations vuln\u00e9rables notamment les femmes, les enfants et les personnes \u00e0 faible revenue peuvent b\u00e9n\u00e9ficier des soins de sant\u00e9 de qualit\u00e9.<\/p>\n\n\n\n<p>Nous aider, c\u2019est contribuer directement \u00e0 la qualit\u00e9 de soins offerts aux populations vuln\u00e9rable en&nbsp;RD Congo, car nos interventions renforcent directement les prestataires des soins et les h\u00f4pitaux fr\u00e9quent\u00e9s ces populations.<\/p>\n","protected":false},"excerpt":{"rendered":"<p>Comment votre don sera utilis\u00e9 ? Toutefois, si vous souhaitez contribuer dans un champ d\u2019action sp\u00e9cifique par exemple le VIH ou la sant\u00e9 des enfants de moins de 5 ans ou appuyer un h\u00f4pital de la PH-RDC en particulier, la PH-RDC d\u00e9veloppe des interventions cibl\u00e9es via ses h\u00f4pitaux membres qui sont mis en \u0153uvre en&#8230; <\/p>\n","protected":false},"author":1,"featured_media":0,"parent":0,"menu_order":0,"comment_status":"closed","ping_status":"closed","template":"full-width.php","meta":{"sfsi_plus_gutenberg_text_before_share":"","sfsi_plus_gutenberg_show_text_before_share":"","sfsi_plus_gutenberg_icon_type":"","sfsi_plus_gutenberg_icon_alignemt":"","sfsi_plus_gutenburg_max_per_row":"","footnotes":""},"class_list":["post-377","page","type-page","status-publish","hentry"],"_links":{"self":[{"href":"https:\/\/ph-rdc.org\/index.php\/wp-json\/wp\/v2\/pages\/377","targetHints":{"allow":["GET"]}}],"collection":[{"href":"https:\/\/ph-rdc.org\/index.php\/wp-json\/wp\/v2\/pages"}],"about":[{"href":"https:\/\/ph-rdc.org\/index.php\/wp-json\/wp\/v2\/types\/page"}],"author":[{"embeddable":true,"href":"https:\/\/ph-rdc.org\/index.php\/wp-json\/wp\/v2\/users\/1"}],"replies":[{"embeddable":true,"href":"https:\/\/ph-rdc.org\/index.php\/wp-json\/wp\/v2\/comments?post=377"}],"version-history":[{"count":13,"href":"https:\/\/ph-rdc.org\/index.php\/wp-json\/wp\/v2\/pages\/377\/revisions"}],"predecessor-version":[{"id":748,"href":"https:\/\/ph-rdc.org\/index.php\/wp-json\/wp\/v2\/pages\/377\/revisions\/748"}],"wp:attachment":[{"href":"https:\/\/ph-rdc.org\/index.php\/wp-json\/wp\/v2\/media?parent=377"}],"curies":[{"name":"wp","href":"https:\/\/api.w.org\/{rel}","templated":true}]}}