{"id":331,"date":"2019-09-24T05:50:19","date_gmt":"2019-09-24T03:50:19","guid":{"rendered":"https:\/\/ph-rdc.org\/?page_id=331"},"modified":"2019-12-26T03:15:34","modified_gmt":"2019-12-26T02:15:34","slug":"formation","status":"publish","type":"page","link":"https:\/\/ph-rdc.org\/index.php\/formation\/","title":{"rendered":"Formation"},"content":{"rendered":"\n<div class=\"wp-block-button aligncenter\"><a class=\"wp-block-button__link has-background has-vivid-cyan-blue-background-color\" href=\"https:\/\/ph-rdc.org\/index.php\/descriptive-des-formations-organisees-par-la-ph-rdc\/\"> Cliquer ici pour avoir la descriptive des formations organis\u00e9es par la PH-RDC <\/a><\/div>\n\n\n<p><img fetchpriority=\"high\" decoding=\"async\" class=\"aligncenter wp-image-336 size-full\" src=\"https:\/\/ph-rdc.org\/wp-content\/uploads\/2019\/09\/20180927_105708-e1569297864300.jpg\" alt=\"\" width=\"1100\" height=\"619\"><\/p>\n<p>Depuis sa cr\u00e9ation en 2012, la Plateforme hospitali\u00e8re de la RD Congo (PH-RDC) s\u2019est donn\u00e9e pour mission d\u2019accompagner les h\u00f4pitaux de mani\u00e8re efficace et efficiente dans l\u2019am\u00e9lioration de l\u2019acc\u00e8s aux soins de sant\u00e9 de qualit\u00e9 afin de leur permettre de r\u00e9aliser pleinement leur mandat : contribuer au bien-\u00eatre physique, mental et social de la population, des m\u00e8res et enfants en particulier, ainsi que des autres groupes vuln\u00e9rables.<\/p>\n<p>La PH-RDC propose deux leviers pour soutenir ses h\u00f4pitaux membres :<\/p>\n<ol>\n<li>Renforcement de capacit\u00e9 du personnel par la formation<\/li>\n<li>Renforcement du plateau technique par le financement des microprojets<\/li>\n<\/ol>\n<p>Les formations organis\u00e9es par la PH-RDC, visent le renforcement de capacit\u00e9 du personnel des h\u00f4pitaux membre afin d\u2019am\u00e9liorer la qualit\u00e9 des soins offerts aux patients. En moyenne, 3 \u00e0 4 formations sont organis\u00e9es par an. Les th\u00e9matiques de ces formations rel\u00e8ve des orientations et priorit\u00e9s d\u00e9finies par les h\u00f4pitaux membres.<\/p>\n<p>Les connaissances acquises se traduisent par de nombreuses modifications et am\u00e9liorations des pratiques. Quelques exemples cit\u00e9s pendant l\u2019\u00e9valuation de la PH-RDC :<\/p>\n<ul>\n<li>La formation en hygi\u00e8ne hospitali\u00e8re, tout particuli\u00e8rement affectionn\u00e9e par les participants, a abouti \u00e0 l\u2019utilisation du chlore actif, la pose de poubelles avec couvercle, au tri des d\u00e9chets biom\u00e9dicaux<\/li>\n<li>suite \u00e0 la formation sur la tarification hospitali\u00e8re, l\u2019HGR de Kintambo applique d\u00e9sormais un syst\u00e8me de tarification forfaitaire qui permet de diminuer le co\u00fbt des soins pour le patient et d\u2019augmenter ainsi la fr\u00e9quentation. L\u2019HGR Kintambo s\u2019est inspir\u00e9 du mod\u00e8le en vigueur \u00e0 l\u2019h\u00f4pital p\u00e9diatrique Kalembelembe.<\/li>\n<\/ul>\n<p>Quelques exemples de formations organis\u00e9es par la PH-RDC&nbsp;:<\/p>\n<ul>\n<li>\u00c9laboration du budget d\u2019un h\u00f4pital<\/li>\n<li>\u00c9laboration du costing du co\u00fbt des soins<\/li>\n<li>\u00c9laboration de l\u2019inventaire d\u2019un h\u00f4pital<\/li>\n<li>\u00c9laboration d\u2019un plan d\u2019\u00e9tablissement hospitalier<\/li>\n<li>Hygi\u00e8ne hospitali\u00e8re<\/li>\n<li>\u00c9laboration et gestion de projet<\/li>\n<li>Identification des besoins de formation en p\u00e9diatrie<\/li>\n<\/ul>\n<p><em>&nbsp;<\/em><\/p>","protected":false},"excerpt":{"rendered":"<p>Depuis sa cr\u00e9ation en 2012, la Plateforme hospitali\u00e8re de la RD Congo (PH-RDC) s\u2019est donn\u00e9e pour mission d\u2019accompagner les h\u00f4pitaux de mani\u00e8re efficace et efficiente dans l\u2019am\u00e9lioration de l\u2019acc\u00e8s aux soins de sant\u00e9 de qualit\u00e9 afin de leur permettre de r\u00e9aliser pleinement leur mandat : contribuer au bien-\u00eatre physique, mental et social de la population,&#8230; <\/p>\n","protected":false},"author":1,"featured_media":687,"parent":0,"menu_order":0,"comment_status":"closed","ping_status":"closed","template":"full-width.php","meta":{"sfsi_plus_gutenberg_text_before_share":"","sfsi_plus_gutenberg_show_text_before_share":"","sfsi_plus_gutenberg_icon_type":"","sfsi_plus_gutenberg_icon_alignemt":"","sfsi_plus_gutenburg_max_per_row":"","footnotes":""},"class_list":["post-331","page","type-page","status-publish","has-post-thumbnail","hentry"],"_links":{"self":[{"href":"https:\/\/ph-rdc.org\/index.php\/wp-json\/wp\/v2\/pages\/331","targetHints":{"allow":["GET"]}}],"collection":[{"href":"https:\/\/ph-rdc.org\/index.php\/wp-json\/wp\/v2\/pages"}],"about":[{"href":"https:\/\/ph-rdc.org\/index.php\/wp-json\/wp\/v2\/types\/page"}],"author":[{"embeddable":true,"href":"https:\/\/ph-rdc.org\/index.php\/wp-json\/wp\/v2\/users\/1"}],"replies":[{"embeddable":true,"href":"https:\/\/ph-rdc.org\/index.php\/wp-json\/wp\/v2\/comments?post=331"}],"version-history":[{"count":8,"href":"https:\/\/ph-rdc.org\/index.php\/wp-json\/wp\/v2\/pages\/331\/revisions"}],"predecessor-version":[{"id":773,"href":"https:\/\/ph-rdc.org\/index.php\/wp-json\/wp\/v2\/pages\/331\/revisions\/773"}],"wp:featuredmedia":[{"embeddable":true,"href":"https:\/\/ph-rdc.org\/index.php\/wp-json\/wp\/v2\/media\/687"}],"wp:attachment":[{"href":"https:\/\/ph-rdc.org\/index.php\/wp-json\/wp\/v2\/media?parent=331"}],"curies":[{"name":"wp","href":"https:\/\/api.w.org\/{rel}","templated":true}]}}