{"id":27,"date":"2019-06-21T11:59:40","date_gmt":"2019-06-21T09:59:40","guid":{"rendered":"https:\/\/ph-rdc.org\/?page_id=27"},"modified":"2019-12-19T16:05:33","modified_gmt":"2019-12-19T15:05:33","slug":"organisation","status":"publish","type":"page","link":"https:\/\/ph-rdc.org\/index.php\/organisation\/","title":{"rendered":"Organisation"},"content":{"rendered":"<h3><strong>Organisation fonctionnelle<\/strong><\/h3>\n<p>La PH-RDC comprend les organes suivants :<\/p>\n<ul>\n<li>Assembl\u00e9e G\u00e9n\u00e9rale<\/li>\n<li>Conseil d\u2019Administration, et<\/li>\n<li>Comit\u00e9 Ex\u00e9cutif de Coordination<\/li>\n<li>Commissariat aux comptes<\/li>\n<\/ul>\n<ol>\n<li><strong>Assembl\u00e9e G\u00e9n\u00e9rale<\/strong><\/li>\n<\/ol>\n<p>L\u2019Assembl\u00e9e G\u00e9n\u00e9rale est compos\u00e9e de tous les membres effectifs. Les autres membres y participent sur invitation du Conseil d\u2019Administration, sans voix d\u00e9lib\u00e9rative.<\/p>\n<p>L&rsquo;Assembl\u00e9e G\u00e9n\u00e9rale est l\u2019organe supr\u00eame de l\u2019Association. Elle est comp\u00e9tente notamment pour :<\/p>\n<ul>\n<li>D\u00e9terminer les orientations du Programme de l\u2019Association;<\/li>\n<li>Adopter le cadre strat\u00e9gique p\u00e9riodique ;<\/li>\n<li>Adopter le plan d\u2019actions annuel ainsi que le budget pr\u00e9visionnel des activit\u00e9s ;<\/li>\n<li>Elire ou r\u00e9voquer les membres du Conseil d\u2019Administration et des Commissaires aux Comptes<\/li>\n<li>D\u00e9lib\u00e9rer sur toute question figurant \u00e0 l&rsquo;ordre du jour et de toutes celles entrant dans l&rsquo;objet de l\u2019Association ;<\/li>\n<li>Modifier les statuts et dissoudre l&rsquo;Association ;<\/li>\n<li>Statuer sur l\u2019exclusion des membres<\/li>\n<\/ul>\n<p>L&rsquo;Assembl\u00e9e G\u00e9n\u00e9rale se tient une fois par an, en session ordinaire, dans les six mois qui suivent la fin de l&rsquo;exercice social. L\u2019Assembl\u00e9e G\u00e9n\u00e9rale peut \u00eatre convoqu\u00e9e en session extraordinaire soit \u00e0 la demande du Conseil d&rsquo;Administration, soit sur demande \u00e9crite d&rsquo;au moins un quart des membres<\/p>\n<ol start=\"2\">\n<li><strong>Conseil d\u2019Administration<\/strong><\/li>\n<\/ol>\n<p>Le Conseil d\u2019Administration est compos\u00e9 comme suit :<\/p>\n<ul>\n<li>Un Pr\u00e9sident<\/li>\n<li>Un Vice-pr\u00e9sident<\/li>\n<li>Un Secr\u00e9taire<\/li>\n<li>Un Tr\u00e9sorier<\/li>\n<li>Des membres<\/li>\n<\/ul>\n<p>Le Conseil d\u2019Administration est l\u2019organe de pr\u00e9paration, d\u2019orientation, de contr\u00f4le et de suivi des d\u00e9cisions de l\u2019Assembl\u00e9e G\u00e9n\u00e9rale.<\/p>\n<p>Le Conseil d\u2019Administration veille (ou s\u2019occupe de) \u00e0 :<\/p>\n<ul>\n<li>Mettre en place des proc\u00e9dures de gestion financi\u00e8re, comptable, de passation des march\u00e9s de services, travaux et fournitures ainsi que de gestion et suivi technique<\/li>\n<li>D\u00e9finir l\u2019organigramme de l\u2019Association<\/li>\n<li>Fixer la proc\u00e9dure de s\u00e9lection et de recrutement des cadres du Comit\u00e9 Ex\u00e9cutif de Coordination<\/li>\n<li>Proc\u00e9der au recrutement des cadres du Comit\u00e9 Ex\u00e9cutif de Coordination, conform\u00e9ment \u00e0 la proc\u00e9dure de recrutement pr\u00e9alablement \u00e9tablie dans le r\u00e8glement int\u00e9rieur<\/li>\n<li>N\u00e9gocier et approuver les accords de financement ou de sponsoring avec les bailleurs de fonds et les partenaires ext\u00e9rieurs<\/li>\n<\/ul>\n<ol start=\"3\">\n<li><strong>Comit\u00e9 Ex\u00e9cutif de Coordination<\/strong><\/li>\n<\/ol>\n<p>Le Comit\u00e9 Ex\u00e9cutif de Coordination est l&rsquo;organe permanent de mise en oeuvre des activit\u00e9s de la plateforme, d&rsquo;ex\u00e9cution des d\u00e9cisions et r\u00e9solutions prises par l&rsquo;Assembl\u00e9e G\u00e9n\u00e9rale, et le Conseil d\u2019Administration. Le Comit\u00e9 Ex\u00e9cutif de Coordination rend compte de la gestion quotidienne de l\u2019Association au Conseil d\u2019Administration.<\/p>\n<p>Le Comit\u00e9 Ex\u00e9cutif de Coordination est g\u00e9r\u00e9 par un Coordonnateur.<\/p>\n<ol start=\"4\">\n<li><strong>Commissariat aux comptes <\/strong><\/li>\n<\/ol>\n<p>Les membres effectifs PH-RDC ASBL peuvent contr\u00f4ler la gestion du Conseil d\u2019Administration. L&rsquo;Assembl\u00e9e G\u00e9n\u00e9rale peut d\u00e9signer parmi ses membres ou en dehors un ou deux Commissaires aux Comptes. Le Commissaire aux Comptes a un droit illimit\u00e9 de surveillance et de contr\u00f41e des d\u00e9penses et des \u00e9tats financiers.<\/p>\n<p>\u00c0 ce titre, il peut avoir acc\u00e8s \u00e0 tout moment, sans les d\u00e9placer, \u00e0 tous les documents de comptabilit\u00e9 et de gestion et aux pi\u00e8ces justificatives des d\u00e9penses effectu\u00e9es par ou pour le compte de la PH-RDC. Il v\u00e9rifie les livres comptables, la caisse, la v\u00e9racit\u00e9 des inventaires, des bilans, le respect des proc\u00e9dures.<\/p>\n<p>Le Commissaire aux Comptes fait rapport de sa mission devant l&rsquo;Assembl\u00e9e G\u00e9n\u00e9rale.<\/p>\n<h3><strong>Ressources et comptes annuels<\/strong><\/h3>\n<p>L&rsquo;Association tire ses ressources des contributions de ses membres, des financements des partenaires, des dons et legs qu&rsquo;elle re\u00e7oit librement.<\/p>\n<p>Les comptes de l\u2019association sont tenus conform\u00e9ment \u00e0 la l\u00e9gislation comptable en vigueur en R\u00e9publique D\u00e9mocratique du Congo. A la fin de chaque ann\u00e9e, le Conseil d&rsquo;Administration \u00e9tablit un inventaire, une balance des comptes, un compte d\u2019exploitation, un tableau des ressources et emplois et un bilan. Il les soumet \u00e0 l\u2019Assembl\u00e9e G\u00e9n\u00e9rale ordinaire pour quitus.<\/p>\n<p>Le Conseil d\u2019Administration peut faire proc\u00e9der \u00e0 la fin de chaque exercice \u00e0 un audit externe ind\u00e9pendant. Cet audit peut \u00eatre exig\u00e9 en cas d\u2019existence d\u2019une convention de financement avec un bailleur des fonds.<\/p>\n","protected":false},"excerpt":{"rendered":"<p>Organisation fonctionnelle La PH-RDC comprend les organes suivants : Assembl\u00e9e G\u00e9n\u00e9rale Conseil d\u2019Administration, et Comit\u00e9 Ex\u00e9cutif de Coordination Commissariat aux comptes Assembl\u00e9e G\u00e9n\u00e9rale L\u2019Assembl\u00e9e G\u00e9n\u00e9rale est compos\u00e9e de tous les membres effectifs. Les autres membres y participent sur invitation du Conseil d\u2019Administration, sans voix d\u00e9lib\u00e9rative. L&rsquo;Assembl\u00e9e G\u00e9n\u00e9rale est l\u2019organe supr\u00eame de l\u2019Association. Elle est comp\u00e9tente&#8230; <\/p>\n","protected":false},"author":1,"featured_media":0,"parent":0,"menu_order":0,"comment_status":"closed","ping_status":"closed","template":"","meta":{"sfsi_plus_gutenberg_text_before_share":"","sfsi_plus_gutenberg_show_text_before_share":"","sfsi_plus_gutenberg_icon_type":"","sfsi_plus_gutenberg_icon_alignemt":"","sfsi_plus_gutenburg_max_per_row":"","footnotes":""},"class_list":["post-27","page","type-page","status-publish","hentry"],"_links":{"self":[{"href":"https:\/\/ph-rdc.org\/index.php\/wp-json\/wp\/v2\/pages\/27","targetHints":{"allow":["GET"]}}],"collection":[{"href":"https:\/\/ph-rdc.org\/index.php\/wp-json\/wp\/v2\/pages"}],"about":[{"href":"https:\/\/ph-rdc.org\/index.php\/wp-json\/wp\/v2\/types\/page"}],"author":[{"embeddable":true,"href":"https:\/\/ph-rdc.org\/index.php\/wp-json\/wp\/v2\/users\/1"}],"replies":[{"embeddable":true,"href":"https:\/\/ph-rdc.org\/index.php\/wp-json\/wp\/v2\/comments?post=27"}],"version-history":[{"count":3,"href":"https:\/\/ph-rdc.org\/index.php\/wp-json\/wp\/v2\/pages\/27\/revisions"}],"predecessor-version":[{"id":232,"href":"https:\/\/ph-rdc.org\/index.php\/wp-json\/wp\/v2\/pages\/27\/revisions\/232"}],"wp:attachment":[{"href":"https:\/\/ph-rdc.org\/index.php\/wp-json\/wp\/v2\/media?parent=27"}],"curies":[{"name":"wp","href":"https:\/\/api.w.org\/{rel}","templated":true}]}}