{"id":25,"date":"2019-06-21T11:59:23","date_gmt":"2019-06-21T09:59:23","guid":{"rendered":"https:\/\/ph-rdc.org\/?page_id=25"},"modified":"2019-12-26T02:41:22","modified_gmt":"2019-12-26T01:41:22","slug":"objet-social","status":"publish","type":"page","link":"https:\/\/ph-rdc.org\/index.php\/objet-social\/","title":{"rendered":"Objet social"},"content":{"rendered":"<ol>\n<li><strong>Mission <\/strong><\/li>\n<\/ol>\n<p>La PH-RDC a pour objet social de renforcer les capacit\u00e9s des h\u00f4pitaux du pays afin de leur permettre de r\u00e9aliser leur mandat dans les meilleures conditions possibles. Ce mandat vise \u00e0 contribuer au bien-\u00eatre physique, mental et social de la population en g\u00e9n\u00e9ral et des m\u00e8res et enfants en particulier ainsi que des autres groupes vuln\u00e9rables.<\/p>\n<p>En vue de r\u00e9aliser l\u2019objet ci-dessus, l&rsquo;Association s\u2019assigne les objectifs sp\u00e9cifiques suivants :<\/p>\n<ul>\n<li>Accompagner les h\u00f4pitaux de mani\u00e8re efficace et efficiente dans la mise en \u0153uvre du Plan Strat\u00e9gique de la R\u00e9forme Hospitali\u00e8re (PSRH)<\/li>\n<li>Offrir aux h\u00f4pitaux membres un cadre d\u2019\u00e9change d\u2019exp\u00e9riences dans les domaines propres \u00e0 l\u2019activit\u00e9 hospitali\u00e8re, notamment : m\u00e9dicaux, param\u00e9dicaux, techniques et de gestion<\/li>\n<li>Promouvoir un espace de concentration de d\u00e9bats sur des sujets tr\u00e8s pratiques, destin\u00e9 notamment \u00e0 \u00e9clairer le niveau central et normatif sur : (i) les priorit\u00e9s op\u00e9rationnelles de la r\u00e9forme hospitali\u00e8re et (ii) les priorit\u00e9s strat\u00e9giques de la politique nationale de sant\u00e9<\/li>\n<li>Acc\u00e9l\u00e9rer la production d\u2019outils standardis\u00e9s et accessibles sur le plan financier et sur le plan technique dans les domaines \u00e9voqu\u00e9s plus haut (gestion &amp; m\u00e9dico- techniques)<\/li>\n<li>Proposer une s\u00e9rie d\u2019appuis techniques aux h\u00f4pitaux membres dans la r\u00e9alisation de projets d\u2019am\u00e9lioration de la qualit\u00e9 dans les domaines propres \u00e0 l\u2019activit\u00e9 hospitali\u00e8re<\/li>\n<li>Assurer un service accessible \u00e0 tous les h\u00f4pitaux de la R\u00e9publique D\u00e9mocratique du Congo.<\/li>\n<\/ul>\n<ol start=\"2\">\n<li><strong>Objectifs<\/strong><\/li>\n<\/ol>\n<p>Les objectifs de la PH-RDC s\u2019inscrivent dans le Plan strat\u00e9gique de la r\u00e9forme hospitali\u00e8re (PSRH) de la RDC confirm\u00e9e par le Programme de d\u00e9veloppement Sanitaire 2016-2020 qui projette de faire des structures hospitali\u00e8res des organisations capables de g\u00e9n\u00e9rer des recettes et de les g\u00e9rer de mani\u00e8re autonome afin de produire des soins de qualit\u00e9 et accessibles \u00e0 la population.<\/p>\n<p>Les objectifs principaux de la PH-RDC, tels que pr\u00e9sent\u00e9s dans les statuts et dans les rapports annuels de 2016 et 2017, sont :<\/p>\n<ul>\n<li>Am\u00e9liorer la qualit\u00e9 des soins de sant\u00e9 en milieu hospitalier<\/li>\n<li>Mettre en \u0153uvre des actions destin\u00e9es \u00e0 renforcer la qualit\u00e9 et l\u2019acc\u00e8s aux soins<\/li>\n<li>Am\u00e9liorer l\u2019accessibilit\u00e9 (notamment financi\u00e8re) des soins de sant\u00e9 en milieu hospitalier<\/li>\n<li>Partager les bonnes pratiques entre les membres, les capitaliser, les communiquer au niveau interm\u00e9diaire et central et les diffuser aussi largement que possible<\/li>\n<li>Produire des guides m\u00e9thodologiques fond\u00e9s sur les bonnes pratiques identifi\u00e9es<\/li>\n<li>Am\u00e9liorer la qualit\u00e9 de la gestion hospitali\u00e8re<\/li>\n<li>Organiser des formations pratiques destin\u00e9es \u00e0 renforcer les comp\u00e9tences du personnel des h\u00f4pitaux membres de la plateforme<\/li>\n<\/ul>\n","protected":false},"excerpt":{"rendered":"<p>Mission La PH-RDC a pour objet social de renforcer les capacit\u00e9s des h\u00f4pitaux du pays afin de leur permettre de r\u00e9aliser leur mandat dans les meilleures conditions possibles. Ce mandat vise \u00e0 contribuer au bien-\u00eatre physique, mental et social de la population en g\u00e9n\u00e9ral et des m\u00e8res et enfants en particulier ainsi que des autres&#8230; <\/p>\n","protected":false},"author":1,"featured_media":96,"parent":0,"menu_order":0,"comment_status":"closed","ping_status":"closed","template":"no-sidebar.php","meta":{"sfsi_plus_gutenberg_text_before_share":"","sfsi_plus_gutenberg_show_text_before_share":"","sfsi_plus_gutenberg_icon_type":"","sfsi_plus_gutenberg_icon_alignemt":"","sfsi_plus_gutenburg_max_per_row":"","footnotes":""},"class_list":["post-25","page","type-page","status-publish","has-post-thumbnail","hentry"],"_links":{"self":[{"href":"https:\/\/ph-rdc.org\/index.php\/wp-json\/wp\/v2\/pages\/25","targetHints":{"allow":["GET"]}}],"collection":[{"href":"https:\/\/ph-rdc.org\/index.php\/wp-json\/wp\/v2\/pages"}],"about":[{"href":"https:\/\/ph-rdc.org\/index.php\/wp-json\/wp\/v2\/types\/page"}],"author":[{"embeddable":true,"href":"https:\/\/ph-rdc.org\/index.php\/wp-json\/wp\/v2\/users\/1"}],"replies":[{"embeddable":true,"href":"https:\/\/ph-rdc.org\/index.php\/wp-json\/wp\/v2\/comments?post=25"}],"version-history":[{"count":9,"href":"https:\/\/ph-rdc.org\/index.php\/wp-json\/wp\/v2\/pages\/25\/revisions"}],"predecessor-version":[{"id":770,"href":"https:\/\/ph-rdc.org\/index.php\/wp-json\/wp\/v2\/pages\/25\/revisions\/770"}],"wp:featuredmedia":[{"embeddable":true,"href":"https:\/\/ph-rdc.org\/index.php\/wp-json\/wp\/v2\/media\/96"}],"wp:attachment":[{"href":"https:\/\/ph-rdc.org\/index.php\/wp-json\/wp\/v2\/media?parent=25"}],"curies":[{"name":"wp","href":"https:\/\/api.w.org\/{rel}","templated":true}]}}