{"id":23,"date":"2019-06-21T11:59:02","date_gmt":"2019-06-21T09:59:02","guid":{"rendered":"https:\/\/ph-rdc.org\/?page_id=23"},"modified":"2019-12-26T03:26:05","modified_gmt":"2019-12-26T02:26:05","slug":"a-propos-de-nous","status":"publish","type":"page","link":"https:\/\/ph-rdc.org\/index.php\/a-propos-de-nous\/","title":{"rendered":"A propos de nous"},"content":{"rendered":"\n<div class=\"wp-block-columns has-2-columns is-layout-flex wp-container-core-columns-is-layout-9d6595d7 wp-block-columns-is-layout-flex\">\n<div class=\"wp-block-column is-layout-flow wp-block-column-is-layout-flow\">\n<p>La Plateforme hospitali\u00e8re de la R\u00e9publique D\u00e9mocratique du Congo (PH-RDC)est une association des h\u00f4pitaux de la RD. Congo. R\u00e9unissant aujourd\u2019hui une trentaine d\u2019h\u00f4pitaux, elle a \u00e9t\u00e9 cr\u00e9\u00e9e en 2012 et officiellement reconnue le 18 f\u00e9vrier 2018. La PH-RDC rassemble des h\u00f4pitaux principalement situ\u00e9s dans la Ville &#8211; Province de Kinshasa, mais aussi dans les Provinces du Kongo Central, du Sud-Ubangi et du Kasai. En sont membres des h\u00f4pitaux publics, des h\u00f4pitaux conventionn\u00e9s confessionnels et des h\u00f4pitaux priv\u00e9s.<\/p>\n\n\n\n<p>C\u2019est \u00e0 la suite des r\u00e9flexions autour des possibilit\u00e9s pratiques des h\u00f4pitaux \u00e0 r\u00e9pondre aux imp\u00e9ratifs d\u2019accessibilit\u00e9 et de qualit\u00e9 des soins de sant\u00e9 que plusieurs ONG belges sous l\u2019\u00e9gide du Minist\u00e8re de la Sant\u00e9 ont initi\u00e9 un groupe d\u2019\u00e9change sur les bonnes pratiques entre les h\u00f4pitaux.<\/p>\n\n\n\n<p>Ce premier groupe d\u2019h\u00f4pitaux s\u2019est constitu\u00e9 en une association qui au fur et \u00e0 mesure s\u2019est agrandie par l\u2019adh\u00e9sion des nouveaux membres<\/p>\n<\/div>\n\n\n\n<div class=\"wp-block-column is-layout-flow wp-block-column-is-layout-flow\">\n<p>En 2019, la PH-RDC compte 33 membres, parmi ses membres, on compte:<\/p>\n\n\n\n<div class=\"wp-block-button\"><a class=\"wp-block-button__link has-background has-vivid-cyan-blue-background-color no-border-radius\" href=\"https:\/\/ph-rdc.org\/index.php\/liste\/\">Liste des h\u00f4pitaux membres <\/a><\/div>\n<\/div>\n<\/div>\n","protected":false},"excerpt":{"rendered":"<p>La Plateforme hospitali\u00e8re de la R\u00e9publique D\u00e9mocratique du Congo (PH-RDC)est une association des h\u00f4pitaux de la RD. Congo. R\u00e9unissant aujourd\u2019hui une trentaine d\u2019h\u00f4pitaux, elle a \u00e9t\u00e9 cr\u00e9\u00e9e en 2012 et officiellement reconnue le 18 f\u00e9vrier 2018. La PH-RDC rassemble des h\u00f4pitaux principalement situ\u00e9s dans la Ville &#8211; Province de Kinshasa, mais aussi dans les Provinces&#8230; <\/p>\n","protected":false},"author":1,"featured_media":96,"parent":0,"menu_order":0,"comment_status":"closed","ping_status":"closed","template":"full-width.php","meta":{"sfsi_plus_gutenberg_text_before_share":"","sfsi_plus_gutenberg_show_text_before_share":"","sfsi_plus_gutenberg_icon_type":"","sfsi_plus_gutenberg_icon_alignemt":"","sfsi_plus_gutenburg_max_per_row":"","footnotes":""},"class_list":["post-23","page","type-page","status-publish","has-post-thumbnail","hentry"],"_links":{"self":[{"href":"https:\/\/ph-rdc.org\/index.php\/wp-json\/wp\/v2\/pages\/23","targetHints":{"allow":["GET"]}}],"collection":[{"href":"https:\/\/ph-rdc.org\/index.php\/wp-json\/wp\/v2\/pages"}],"about":[{"href":"https:\/\/ph-rdc.org\/index.php\/wp-json\/wp\/v2\/types\/page"}],"author":[{"embeddable":true,"href":"https:\/\/ph-rdc.org\/index.php\/wp-json\/wp\/v2\/users\/1"}],"replies":[{"embeddable":true,"href":"https:\/\/ph-rdc.org\/index.php\/wp-json\/wp\/v2\/comments?post=23"}],"version-history":[{"count":7,"href":"https:\/\/ph-rdc.org\/index.php\/wp-json\/wp\/v2\/pages\/23\/revisions"}],"predecessor-version":[{"id":777,"href":"https:\/\/ph-rdc.org\/index.php\/wp-json\/wp\/v2\/pages\/23\/revisions\/777"}],"wp:featuredmedia":[{"embeddable":true,"href":"https:\/\/ph-rdc.org\/index.php\/wp-json\/wp\/v2\/media\/96"}],"wp:attachment":[{"href":"https:\/\/ph-rdc.org\/index.php\/wp-json\/wp\/v2\/media?parent=23"}],"curies":[{"name":"wp","href":"https:\/\/api.w.org\/{rel}","templated":true}]}}