{"id":157,"date":"2019-07-14T09:36:01","date_gmt":"2019-07-14T07:36:01","guid":{"rendered":"https:\/\/ph-rdc.org\/?page_id=157"},"modified":"2019-07-14T10:11:32","modified_gmt":"2019-07-14T08:11:32","slug":"micro-projets","status":"publish","type":"page","link":"https:\/\/ph-rdc.org\/index.php\/micro-projets\/","title":{"rendered":"Micro projets"},"content":{"rendered":"\n<div class=\"wp-block-columns has-2-columns is-layout-flex wp-container-core-columns-is-layout-9d6595d7 wp-block-columns-is-layout-flex\">\n<div class=\"wp-block-column is-layout-flow wp-block-column-is-layout-flow\">\n<h3 class=\"wp-block-heading\"><strong> <\/strong>Round 1: Sant\u00e9 de la reproduction <\/h3>\n\n\n\n<p>\n\nDans sa vision, la soci\u00e9t\u00e9 est sp\u00e9cialis\u00e9e dans le d\u00e9veloppement des applications (Internet, Intranet, Mobile et Desktop), dans le r\u00e9seau, dans l\u2019analyse et le traitement des donn\u00e9es et la recherche op\u00e9rationnelle, dans le marketing digital et le consulting\n\n<\/p>\n\n\n\n<div class=\"wp-block-media-text alignwide\"><figure class=\"wp-block-media-text__media\"><img fetchpriority=\"high\" decoding=\"async\" width=\"700\" height=\"388\" src=\"https:\/\/ph-rdc.org\/wp-content\/uploads\/2019\/07\/CPTS-PTS.jpg\" alt=\"\" class=\"wp-image-95\" srcset=\"https:\/\/ph-rdc.org\/wp-content\/uploads\/2019\/07\/CPTS-PTS.jpg 700w, https:\/\/ph-rdc.org\/wp-content\/uploads\/2019\/07\/CPTS-PTS-300x166.jpg 300w\" sizes=\"(max-width: 700px) 100vw, 700px\" \/><\/figure><div class=\"wp-block-media-text__content\">\n<ul class=\"wp-block-list\"><li>H\u00f4pital P\u00e9diatrique de Kalembelembe (Kinshasa)<\/li><li>H\u00f4pital P\u00e9diatrique de Kalembelembe (Kinshasa)<\/li><li>H\u00f4pital P\u00e9diatrique de Kalembelembe (Kinshasa)<\/li><li>H\u00f4pital P\u00e9diatrique de Kalembelembe (Kinshasa)    <\/li><\/ul>\n<\/div><\/div>\n\n\n\n<div class=\"wp-block-button is-style-squared\"><a class=\"wp-block-button__link has-background has-vivid-cyan-blue-background-color\" href=\"https:\/\/ph-rdc.org\/index.php\/category\/micro-projets\/\"><strong>Cliquez pour les d\u00e9tails des Projets<\/strong><\/a><\/div>\n<\/div>\n\n\n\n<div class=\"wp-block-column is-layout-flow wp-block-column-is-layout-flow\">\n<h3 class=\"wp-block-heading\"> Round 2: Hygi\u00e8ne et sant\u00e9 publique <\/h3>\n\n\n\n<p>\n\nDans sa vision, la soci\u00e9t\u00e9 est sp\u00e9cialis\u00e9e dans le d\u00e9veloppement des applications (Internet, Intranet, Mobile et Desktop), dans le r\u00e9seau, dans l\u2019analyse et le traitement des donn\u00e9es et la recherche op\u00e9rationnelle, dans le marketing digital et le consulting\n\n<\/p>\n\n\n\n<div class=\"wp-block-media-text alignwide\"><figure class=\"wp-block-media-text__media\"><img fetchpriority=\"high\" decoding=\"async\" width=\"700\" height=\"388\" src=\"https:\/\/ph-rdc.org\/wp-content\/uploads\/2019\/07\/CPTS-PTS.jpg\" alt=\"\" class=\"wp-image-95\" srcset=\"https:\/\/ph-rdc.org\/wp-content\/uploads\/2019\/07\/CPTS-PTS.jpg 700w, https:\/\/ph-rdc.org\/wp-content\/uploads\/2019\/07\/CPTS-PTS-300x166.jpg 300w\" sizes=\"(max-width: 700px) 100vw, 700px\" \/><\/figure><div class=\"wp-block-media-text__content\">\n<ul class=\"wp-block-list\"><li>H\u00f4pital Hospitalier Monkole (Kinshasa)<\/li><li>H\u00f4pital Hospitalier Monkole (Kinshasa)<\/li><li>H\u00f4pital Hospitalier Monkole (Kinshasa)<\/li><li>H\u00f4pital Hospitalier Monkole (Kinshasa)    <\/li><\/ul>\n<\/div><\/div>\n\n\n\n<div class=\"wp-block-button is-style-squared\"><a class=\"wp-block-button__link has-background has-vivid-cyan-blue-background-color\"><strong> Cliquez pour les d\u00e9tails des Projets <\/strong><\/a><\/div>\n<\/div>\n<\/div>\n\n\n\n<div class=\"wp-block-columns has-2-columns is-layout-flex wp-container-core-columns-is-layout-9d6595d7 wp-block-columns-is-layout-flex\">\n<div class=\"wp-block-column is-layout-flow wp-block-column-is-layout-flow\">\n<h3 class=\"wp-block-heading\"> Round 3: Maternit\u00e9 et autres consultations <\/h3>\n\n\n\n<p>\n\nDans sa vision, la soci\u00e9t\u00e9 est sp\u00e9cialis\u00e9e dans le d\u00e9veloppement des applications (Internet, Intranet, Mobile et Desktop), dans le r\u00e9seau, dans l\u2019analyse et le traitement des donn\u00e9es et la recherche op\u00e9rationnelle, dans le marketing digital et le consulting\n\n<\/p>\n\n\n\n<div class=\"wp-block-media-text alignwide\"><figure class=\"wp-block-media-text__media\"><img decoding=\"async\" width=\"1024\" height=\"682\" src=\"https:\/\/ph-rdc.org\/wp-content\/uploads\/2019\/06\/rawpixel-675364-unsplash-1024x682-1024x682.jpg\" alt=\"\" class=\"wp-image-19\" srcset=\"https:\/\/ph-rdc.org\/wp-content\/uploads\/2019\/06\/rawpixel-675364-unsplash-1024x682.jpg 1024w, https:\/\/ph-rdc.org\/wp-content\/uploads\/2019\/06\/rawpixel-675364-unsplash-1024x682-300x200.jpg 300w, https:\/\/ph-rdc.org\/wp-content\/uploads\/2019\/06\/rawpixel-675364-unsplash-1024x682-768x512.jpg 768w\" sizes=\"(max-width: 1024px) 100vw, 1024px\" \/><\/figure><div class=\"wp-block-media-text__content\">\n<ul class=\"wp-block-list\"><li>H\u00f4pital P\u00e9diatrique de Kalembelembe (Kinshasa)<\/li><li>H\u00f4pital P\u00e9diatrique de Kalembelembe (Kinshasa)<\/li><li>H\u00f4pital P\u00e9diatrique de Kalembelembe (Kinshasa)<\/li><li>H\u00f4pital P\u00e9diatrique de Kalembelembe (Kinshasa)    <\/li><\/ul>\n<\/div><\/div>\n\n\n\n<div class=\"wp-block-button is-style-squared\"><a class=\"wp-block-button__link has-background has-vivid-cyan-blue-background-color\"><strong>Cliquez pour les d\u00e9tails des Projets<\/strong><\/a><\/div>\n<\/div>\n\n\n\n<div class=\"wp-block-column is-layout-flow wp-block-column-is-layout-flow\">\n<h3 class=\"wp-block-heading\"> Round 4: Hygi\u00e8ne et sant\u00e9 publique <\/h3>\n\n\n\n<p>\n\nDans sa vision, la soci\u00e9t\u00e9 est sp\u00e9cialis\u00e9e dans le d\u00e9veloppement des applications (Internet, Intranet, Mobile et Desktop), dans le r\u00e9seau, dans l\u2019analyse et le traitement des donn\u00e9es et la recherche op\u00e9rationnelle, dans le marketing digital et le consulting\n\n<\/p>\n\n\n\n<div class=\"wp-block-media-text alignwide\"><figure class=\"wp-block-media-text__media\"><img decoding=\"async\" width=\"1024\" height=\"682\" src=\"https:\/\/ph-rdc.org\/wp-content\/uploads\/2019\/06\/rawpixel-675364-unsplash-1024x682-1024x682.jpg\" alt=\"\" class=\"wp-image-19\" srcset=\"https:\/\/ph-rdc.org\/wp-content\/uploads\/2019\/06\/rawpixel-675364-unsplash-1024x682.jpg 1024w, https:\/\/ph-rdc.org\/wp-content\/uploads\/2019\/06\/rawpixel-675364-unsplash-1024x682-300x200.jpg 300w, https:\/\/ph-rdc.org\/wp-content\/uploads\/2019\/06\/rawpixel-675364-unsplash-1024x682-768x512.jpg 768w\" sizes=\"(max-width: 1024px) 100vw, 1024px\" \/><\/figure><div class=\"wp-block-media-text__content\">\n<ul class=\"wp-block-list\"><li>H\u00f4pital Hospitalier Monkole (Kinshasa)<\/li><li>H\u00f4pital Hospitalier Monkole (Kinshasa)<\/li><li>H\u00f4pital Hospitalier Monkole (Kinshasa)<\/li><li>H\u00f4pital Hospitalier Monkole (Kinshasa)    <\/li><\/ul>\n<\/div><\/div>\n\n\n\n<div class=\"wp-block-button is-style-squared\"><a class=\"wp-block-button__link has-background has-vivid-cyan-blue-background-color\"><strong> Cliquez pour les d\u00e9tails des Projets <\/strong><\/a><\/div>\n<\/div>\n<\/div>\n\n\n\n<div class=\"wp-block-columns has-2-columns is-layout-flex wp-container-core-columns-is-layout-9d6595d7 wp-block-columns-is-layout-flex\">\n<div class=\"wp-block-column is-layout-flow wp-block-column-is-layout-flow\">\n<h3 class=\"wp-block-heading\"> Round 5: Maternit\u00e9 et autres consultations <\/h3>\n\n\n\n<p>\n\nDans sa vision, la soci\u00e9t\u00e9 est sp\u00e9cialis\u00e9e dans le d\u00e9veloppement des applications (Internet, Intranet, Mobile et Desktop), dans le r\u00e9seau, dans l\u2019analyse et le traitement des donn\u00e9es et la recherche op\u00e9rationnelle, dans le marketing digital et le consulting\n\n<\/p>\n\n\n\n<div class=\"wp-block-media-text alignwide\"><figure class=\"wp-block-media-text__media\"><img decoding=\"async\" width=\"700\" height=\"388\" src=\"https:\/\/ph-rdc.org\/wp-content\/uploads\/2019\/07\/33705667-30989600-copy.jpg\" alt=\"\" class=\"wp-image-94\" srcset=\"https:\/\/ph-rdc.org\/wp-content\/uploads\/2019\/07\/33705667-30989600-copy.jpg 700w, https:\/\/ph-rdc.org\/wp-content\/uploads\/2019\/07\/33705667-30989600-copy-300x166.jpg 300w\" sizes=\"(max-width: 700px) 100vw, 700px\" \/><\/figure><div class=\"wp-block-media-text__content\">\n<ul class=\"wp-block-list\"><li>H\u00f4pital P\u00e9diatrique de Kalembelembe (Kinshasa)<\/li><li>H\u00f4pital P\u00e9diatrique de Kalembelembe (Kinshasa)<\/li><li>H\u00f4pital P\u00e9diatrique de Kalembelembe (Kinshasa)<\/li><li>H\u00f4pital P\u00e9diatrique de Kalembelembe (Kinshasa)    <\/li><\/ul>\n<\/div><\/div>\n\n\n\n<div class=\"wp-block-button is-style-squared\"><a class=\"wp-block-button__link has-background has-vivid-cyan-blue-background-color\"><strong>Cliquez pour les d\u00e9tails des Projets<\/strong><\/a><\/div>\n<\/div>\n\n\n\n<div class=\"wp-block-column is-layout-flow wp-block-column-is-layout-flow\"><\/div>\n<\/div>\n","protected":false},"excerpt":{"rendered":"<p>Round 1: Sant\u00e9 de la reproduction Dans sa vision, la soci\u00e9t\u00e9 est sp\u00e9cialis\u00e9e dans le d\u00e9veloppement des applications (Internet, Intranet, Mobile et Desktop), dans le r\u00e9seau, dans l\u2019analyse et le traitement des donn\u00e9es et la recherche op\u00e9rationnelle, dans le marketing digital et le consulting H\u00f4pital P\u00e9diatrique de Kalembelembe (Kinshasa) H\u00f4pital P\u00e9diatrique de Kalembelembe (Kinshasa) H\u00f4pital&#8230; <\/p>\n","protected":false},"author":1,"featured_media":0,"parent":0,"menu_order":0,"comment_status":"closed","ping_status":"closed","template":"full-width.php","meta":{"sfsi_plus_gutenberg_text_before_share":"","sfsi_plus_gutenberg_show_text_before_share":"","sfsi_plus_gutenberg_icon_type":"","sfsi_plus_gutenberg_icon_alignemt":"","sfsi_plus_gutenburg_max_per_row":"","footnotes":""},"class_list":["post-157","page","type-page","status-publish","hentry"],"_links":{"self":[{"href":"https:\/\/ph-rdc.org\/index.php\/wp-json\/wp\/v2\/pages\/157","targetHints":{"allow":["GET"]}}],"collection":[{"href":"https:\/\/ph-rdc.org\/index.php\/wp-json\/wp\/v2\/pages"}],"about":[{"href":"https:\/\/ph-rdc.org\/index.php\/wp-json\/wp\/v2\/types\/page"}],"author":[{"embeddable":true,"href":"https:\/\/ph-rdc.org\/index.php\/wp-json\/wp\/v2\/users\/1"}],"replies":[{"embeddable":true,"href":"https:\/\/ph-rdc.org\/index.php\/wp-json\/wp\/v2\/comments?post=157"}],"version-history":[{"count":6,"href":"https:\/\/ph-rdc.org\/index.php\/wp-json\/wp\/v2\/pages\/157\/revisions"}],"predecessor-version":[{"id":170,"href":"https:\/\/ph-rdc.org\/index.php\/wp-json\/wp\/v2\/pages\/157\/revisions\/170"}],"wp:attachment":[{"href":"https:\/\/ph-rdc.org\/index.php\/wp-json\/wp\/v2\/media?parent=157"}],"curies":[{"name":"wp","href":"https:\/\/api.w.org\/{rel}","templated":true}]}}